{"id":2,"date":"2016-05-10T03:48:21","date_gmt":"2016-05-10T03:48:21","guid":{"rendered":"https:\/\/airporttaxi.co.at\/?page_id=2"},"modified":"2023-11-26T10:07:52","modified_gmt":"2023-11-26T10:07:52","slug":"sample-page","status":"publish","type":"page","link":"https:\/\/airporttaxi.co.at\/","title":{"rendered":"Home"},"content":{"rendered":"\t\t<div data-elementor-type=\"wp-post\" data-elementor-id=\"2\" class=\"elementor elementor-2\">\n\t\t\t\t\t\t<section class=\"elementor-section elementor-top-section elementor-element elementor-element-fc8d37d elementor-section-boxed elementor-section-height-default elementor-section-height-default\" data-id=\"fc8d37d\" data-element_type=\"section\">\n\t\t\t\t\t\t<div class=\"elementor-container elementor-column-gap-default\">\n\t\t\t\t\t<div class=\"elementor-column elementor-col-100 elementor-top-column elementor-element elementor-element-cd4f9c6\" data-id=\"cd4f9c6\" data-element_type=\"column\">\n\t\t\t<div class=\"elementor-widget-wrap elementor-element-populated\">\n\t\t\t\t\t\t<div class=\"elementor-element elementor-element-fff1ca5 elementor-widget elementor-widget-text-editor\" data-id=\"fff1ca5\" data-element_type=\"widget\" data-widget_type=\"text-editor.default\">\n\t\t\t\t<div class=\"elementor-widget-container\">\n\t\t\t\t\t\t\t\t\t<p><span style=\"font-family: Arial,Helvetica,Univers,Zurich BT,sans-serif;\"><img decoding=\"async\" class=\"alignright wp-image-69 size-full\" src=\"https:\/\/airporttaxi.co.at\/wp-content\/uploads\/2018\/10\/deutsch.jpg\" alt=\"\" width=\"120\" height=\"78\" \/>Hier finden Sie <a href=\"https:\/\/airporttaxi.co.at\/informationen-deutsch\/\">Informationen<\/a> \u00fcber Flughafentaxi (Sammeltaxi und privat) und Flughafenbusse von den Flugh\u00e4fen M\u00fcnchen, Salzburg und Innsbruck zu vielen Orten in Tirol, S\u00fcdtirol und Salzburg.<\/span><\/p><p><span style=\"font-family: Arial,Helvetica,Univers,Zurich BT,sans-serif;\">Wir arbeiten hier mit zuverl\u00e4ssigen Fahrern und Firmen zusammen. Bitte beachten Sie die Allgemeinen Gesch\u00e4ftsbedingungen, die Sie bei den Informationen finden.<\/span><\/p><p><span style=\"font-family: Arial,Helvetica,Univers,Zurich BT,sans-serif;\">Sollte ein Ort nicht in unserer Liste verzeichnet sein, z\u00f6gern Sie bitte nicht, uns zu kontaktieren (<\/span><a href=\"mailto:info@airporttaxi.co.at\"><span style=\"font-family: Arial,Helvetica,Univers,Zurich BT,sans-serif;\">E-Mail<\/span><\/a><span style=\"font-family: Arial,Helvetica,Univers,Zurich BT,sans-serif;\">).<\/span><\/p><p><span style=\"font-family: Arial,Helvetica,Univers,Zurich BT,sans-serif;\">Mit freundlichen Gr\u00fc\u00dfen<\/span><\/p><p><span style=\"font-family: Arial,Helvetica,Univers,Zurich BT,sans-serif;\">Reiseb\u00fcro Kirchberg<\/span><\/p>\t\t\t\t\t\t\t\t<\/div>\n\t\t\t\t<\/div>\n\t\t\t\t<div class=\"elementor-element elementor-element-ee50db0 elementor-widget-divider--view-line elementor-widget elementor-widget-divider\" data-id=\"ee50db0\" data-element_type=\"widget\" data-widget_type=\"divider.default\">\n\t\t\t\t<div class=\"elementor-widget-container\">\n\t\t\t\t\t\t\t<div class=\"elementor-divider\">\n\t\t\t<span class=\"elementor-divider-separator\">\n\t\t\t\t\t\t<\/span>\n\t\t<\/div>\n\t\t\t\t\t\t<\/div>\n\t\t\t\t<\/div>\n\t\t\t\t\t<\/div>\n\t\t<\/div>\n\t\t\t\t\t<\/div>\n\t\t<\/section>\n\t\t\t\t<section class=\"elementor-section elementor-top-section elementor-element elementor-element-505bbac elementor-section-boxed elementor-section-height-default elementor-section-height-default\" data-id=\"505bbac\" data-element_type=\"section\" data-settings=\"{&quot;shape_divider_top&quot;:&quot;split&quot;}\">\n\t\t\t\t\t<div class=\"elementor-shape elementor-shape-top\" data-negative=\"false\">\n\t\t\t<svg xmlns=\"http:\/\/www.w3.org\/2000\/svg\" viewBox=\"0 0 1000 20\" preserveAspectRatio=\"none\">\n\t<path class=\"elementor-shape-fill\" d=\"M0,0v3c0,0,393.8,0,483.4,0c9.2,0,16.6,7.4,16.6,16.6c0-9.1,7.4-16.6,16.6-16.6C606.2,3,1000,3,1000,3V0H0z\"\/>\n<\/svg>\t\t<\/div>\n\t\t\t\t\t<div class=\"elementor-container elementor-column-gap-default\">\n\t\t\t\t\t<div class=\"elementor-column elementor-col-100 elementor-top-column elementor-element elementor-element-428b5b1\" data-id=\"428b5b1\" data-element_type=\"column\">\n\t\t\t<div class=\"elementor-widget-wrap elementor-element-populated\">\n\t\t\t\t\t\t<div class=\"elementor-element elementor-element-a2d369b elementor-widget elementor-widget-text-editor\" data-id=\"a2d369b\" data-element_type=\"widget\" data-widget_type=\"text-editor.default\">\n\t\t\t\t<div class=\"elementor-widget-container\">\n\t\t\t\t\t\t\t\t\t<p><span style=\"font-family: Arial,Helvetica,Univers,Zurich BT,sans-serif;\"><img decoding=\"async\" class=\"alignright wp-image-70 size-full\" src=\"https:\/\/airporttaxi.co.at\/wp-content\/uploads\/2018\/10\/english.jpg\" alt=\"\" width=\"131\" height=\"69\" \/>Here you will find <a href=\"https:\/\/airporttaxi.co.at\/information-english\/\">information<\/a> on airport taxis (collective taxi and private) and busses to and from Munich, Salzburg and Innsbruck airport to many villages in Tyrol, South Tyrol and Salzburg.<\/span><\/p><p><span style=\"font-family: Arial,Helvetica,Univers,Zurich BT,sans-serif;\">We work together with very reliable drivers and companies.\u00a0 Please see the information page on the detailled company policies.<\/span><\/p><p><span style=\"font-family: Arial,Helvetica,Univers,Zurich BT,sans-serif;\">If a village or town is not mentioned in our listings, please don\u2019t hesitate to contact us (<\/span><a href=\"mailto:info@airporttaxi.co.at\"><span style=\"font-family: Arial,Helvetica,Univers,Zurich BT,sans-serif;\">e-mail<\/span><\/a><span style=\"font-family: Arial,Helvetica,Univers,Zurich BT,sans-serif;\">).<\/span><\/p><p><span style=\"font-family: Arial,Helvetica,Univers,Zurich BT,sans-serif;\">Yours sincerely,<\/span><\/p><p><span style=\"font-family: Arial,Helvetica,Univers,Zurich BT,sans-serif;\">Reisebuero Kirchberg<\/span><\/p>\t\t\t\t\t\t\t\t<\/div>\n\t\t\t\t<\/div>\n\t\t\t\t\t<\/div>\n\t\t<\/div>\n\t\t\t\t\t<\/div>\n\t\t<\/section>\n\t\t\t\t<\/div>\n\t\t","protected":false},"excerpt":{"rendered":"<p>Hier finden Sie Informationen \u00fcber Flughafentaxi (Sammeltaxi und privat) und Flughafenbusse von den Flugh\u00e4fen M\u00fcnchen, Salzburg und Innsbruck zu vielen Orten in Tirol, S\u00fcdtirol und Salzburg. Wir arbeiten hier mit zuverl\u00e4ssigen Fahrern und Firmen zusammen. Bitte beachten Sie die Allgemeinen Gesch\u00e4ftsbedingungen, die Sie bei den Informationen finden. Sollte ein Ort nicht in unserer Liste verzeichnet [&hellip;]<\/p>\n","protected":false},"author":1,"featured_media":0,"parent":0,"menu_order":0,"comment_status":"closed","ping_status":"open","template":"","meta":{"ocean_post_layout":"","ocean_both_sidebars_style":"","ocean_both_sidebars_content_width":0,"ocean_both_sidebars_sidebars_width":0,"ocean_sidebar":"sidebar-2","ocean_second_sidebar":"0","ocean_disable_margins":"enable","ocean_add_body_class":"","ocean_shortcode_before_top_bar":"","ocean_shortcode_after_top_bar":"","ocean_shortcode_before_header":"","ocean_shortcode_after_header":"","ocean_has_shortcode":"","ocean_shortcode_after_title":"","ocean_shortcode_before_footer_widgets":"","ocean_shortcode_after_footer_widgets":"","ocean_shortcode_before_footer_bottom":"","ocean_shortcode_after_footer_bottom":"","ocean_display_top_bar":"default","ocean_display_header":"default","ocean_header_style":"","ocean_center_header_left_menu":"0","ocean_custom_header_template":"0","ocean_custom_logo":0,"ocean_custom_retina_logo":0,"ocean_custom_logo_max_width":0,"ocean_custom_logo_tablet_max_width":0,"ocean_custom_logo_mobile_max_width":0,"ocean_custom_logo_max_height":0,"ocean_custom_logo_tablet_max_height":0,"ocean_custom_logo_mobile_max_height":0,"ocean_header_custom_menu":"0","ocean_menu_typo_font_family":"0","ocean_menu_typo_font_subset":"","ocean_menu_typo_font_size":0,"ocean_menu_typo_font_size_tablet":0,"ocean_menu_typo_font_size_mobile":0,"ocean_menu_typo_font_size_unit":"px","ocean_menu_typo_font_weight":"","ocean_menu_typo_font_weight_tablet":"","ocean_menu_typo_font_weight_mobile":"","ocean_menu_typo_transform":"","ocean_menu_typo_transform_tablet":"","ocean_menu_typo_transform_mobile":"","ocean_menu_typo_line_height":0,"ocean_menu_typo_line_height_tablet":0,"ocean_menu_typo_line_height_mobile":0,"ocean_menu_typo_line_height_unit":"","ocean_menu_typo_spacing":0,"ocean_menu_typo_spacing_tablet":0,"ocean_menu_typo_spacing_mobile":0,"ocean_menu_typo_spacing_unit":"","ocean_menu_link_color":"","ocean_menu_link_color_hover":"","ocean_menu_link_color_active":"","ocean_menu_link_background":"","ocean_menu_link_hover_background":"","ocean_menu_link_active_background":"","ocean_menu_social_links_bg":"","ocean_menu_social_hover_links_bg":"","ocean_menu_social_links_color":"","ocean_menu_social_hover_links_color":"","ocean_disable_title":"default","ocean_disable_heading":"default","ocean_post_title":"","ocean_post_subheading":"","ocean_post_title_style":"","ocean_post_title_background_color":"","ocean_post_title_background":0,"ocean_post_title_bg_image_position":"","ocean_post_title_bg_image_attachment":"","ocean_post_title_bg_image_repeat":"","ocean_post_title_bg_image_size":"","ocean_post_title_height":0,"ocean_post_title_bg_overlay":0.5,"ocean_post_title_bg_overlay_color":"","ocean_disable_breadcrumbs":"default","ocean_breadcrumbs_color":"","ocean_breadcrumbs_separator_color":"","ocean_breadcrumbs_links_color":"","ocean_breadcrumbs_links_hover_color":"","ocean_display_footer_widgets":"default","ocean_display_footer_bottom":"off","ocean_custom_footer_template":"0","footnotes":""},"class_list":["post-2","page","type-page","status-publish","hentry","entry"],"_links":{"self":[{"href":"https:\/\/airporttaxi.co.at\/index.php?rest_route=\/wp\/v2\/pages\/2","targetHints":{"allow":["GET"]}}],"collection":[{"href":"https:\/\/airporttaxi.co.at\/index.php?rest_route=\/wp\/v2\/pages"}],"about":[{"href":"https:\/\/airporttaxi.co.at\/index.php?rest_route=\/wp\/v2\/types\/page"}],"author":[{"embeddable":true,"href":"https:\/\/airporttaxi.co.at\/index.php?rest_route=\/wp\/v2\/users\/1"}],"replies":[{"embeddable":true,"href":"https:\/\/airporttaxi.co.at\/index.php?rest_route=%2Fwp%2Fv2%2Fcomments&post=2"}],"version-history":[{"count":30,"href":"https:\/\/airporttaxi.co.at\/index.php?rest_route=\/wp\/v2\/pages\/2\/revisions"}],"predecessor-version":[{"id":4957,"href":"https:\/\/airporttaxi.co.at\/index.php?rest_route=\/wp\/v2\/pages\/2\/revisions\/4957"}],"wp:attachment":[{"href":"https:\/\/airporttaxi.co.at\/index.php?rest_route=%2Fwp%2Fv2%2Fmedia&parent=2"}],"curies":[{"name":"wp","href":"https:\/\/api.w.org\/{rel}","templated":true}]}}