{"id":1649,"date":"2020-06-08T13:55:54","date_gmt":"2020-06-08T13:55:54","guid":{"rendered":"https:\/\/airporttaxi.co.at\/?page_id=1649"},"modified":"2020-06-09T08:34:23","modified_gmt":"2020-06-09T08:34:23","slug":"versicherung","status":"publish","type":"page","link":"https:\/\/airporttaxi.co.at\/?page_id=1649","title":{"rendered":"Versicherung\/Insurance"},"content":{"rendered":"<p><img loading=\"lazy\" decoding=\"async\" src=\"https:\/\/airporttaxi.co.at\/wp-content\/uploads\/2018\/10\/deutsch.jpg\" alt=\"\" width=\"120\" height=\"78\" \/><br \/>\n<a href=\"https:\/\/airporttaxi.co.at\/versicherung\/#english\" data-elementor-open-lightbox=\"\"><br \/>\n<img loading=\"lazy\" decoding=\"async\" src=\"https:\/\/airporttaxi.co.at\/wp-content\/uploads\/2018\/10\/english.jpg\" alt=\"\" width=\"131\" height=\"69\" \/> <\/a><\/p>\n<h2 style=\"color: #ff0000;\">Deutsch<\/h2>\n<p>F\u00fcr nur 5.- \u20ac pro Person und Streck bzw. 35.- \u20ac pro Strecke im privaten Taxi versichern wir Ihren Transfer und \u00fcbernehmen m\u00f6gliche anfallende Umbuchungs- oder Stornogeb\u00fchren einmalig f\u00fcr Ihren Transfer.<\/p>\n<p>Damit entstehen f\u00fcr Sie keine Mehrkosten aufgrund ungeplanter Zwischenf\u00e4lle &#8211; sollten Sie den Flug oder Zug verpassen, Ihre Flug- bzw. Bahngesellschaft den Flug oder Zug streichen, Sie den Urlaub verl\u00e4ngern und vergessen uns Bescheid zu geben. Sie k\u00f6nnen den Transfer auch kurzfristig umbuchen &#8211; alles kein Problem mehr &#8211; Sie sind versichert und m\u00fcssen die Umbuchung oder Stornierung lediglich bei uns bekanntgeben bevor Ihr Transfer stattgefunden h\u00e4tte!<\/p>\n<p>Sollten Sie keine Versicherung abgeschlossen haben und anders als vorgebucht ankommen, so wird ein einfacher Transfer Ihrer gebuchten Strecke pro Person (oder ein Fahrzeug im privaten Taxi) verrechnet.<\/p>\n<p>Mit abgeschlossener Versicherung k\u00f6nnen Sie einen bereits bezahlten Transfer jederzeit stornieren, wir retournieren Transferkosten umgehend. Ohne Transferversicherung k\u00f6nnen Sie den Transfer bis 5 Tage vor dem Transferantritt kostenfrei stornieren.<\/p>\n<p>Bitte beachten Sie, da\u00df diese Versicherung nur bei jenen Fahrten angeboten wird, wo das Wort Versicherung in der Preisliste vermerkt ist.<\/p>\n<h2 id=\"english\">English<\/h2>\n<p>For an amount of only 5,- \u20ac per person and way or 35,- \u20ac per way for the private transfer we insure your transfer and cover any cancellation or changing fee for you one time.<\/p>\n<p>There will be no cancellation charges wether in case of missed or cancelled flights\/trains nor if you change the flight\/train date in the last minute.<\/p>\n<p>You can change your transfer short term (latest before the transfer would have taken place) &#8211; no problem &#8211; you are insured!<\/p>\n<p>If you have no transfer insurance and arrive differently than booked we have to charge a one way transfer per person in your booked connection (or a whole one way ride, if it is a privae transfer).<\/p>\n<p>If you cancel your already paid transfer we will return the whole amount &#8211; provided that you booked our insurance. Without insurance you can cancel your booked transfer without cost the latest 5 days before the booked transfer.<\/p>\n<p>Please be informed, that this insurance is only offered for transfers, where the word &#8222;insurance&#8220; is mentioned next to the rate.<\/p>\n","protected":false},"excerpt":{"rendered":"<p>Deutsch F\u00fcr nur 5.- \u20ac pro Person und Streck bzw. 35.- \u20ac pro Strecke im privaten Taxi versichern wir Ihren Transfer und \u00fcbernehmen m\u00f6gliche anfallende Umbuchungs- oder Stornogeb\u00fchren einmalig f\u00fcr Ihren Transfer. Damit entstehen f\u00fcr Sie keine Mehrkosten aufgrund ungeplanter Zwischenf\u00e4lle &#8211; sollten Sie den Flug oder Zug verpassen, Ihre Flug- bzw. Bahngesellschaft den Flug [&hellip;]<\/p>\n","protected":false},"author":1,"featured_media":0,"parent":0,"menu_order":0,"comment_status":"closed","ping_status":"closed","template":"","meta":{"footnotes":""},"class_list":["post-1649","page","type-page","status-publish","hentry"],"_links":{"self":[{"href":"https:\/\/airporttaxi.co.at\/index.php?rest_route=\/wp\/v2\/pages\/1649","targetHints":{"allow":["GET"]}}],"collection":[{"href":"https:\/\/airporttaxi.co.at\/index.php?rest_route=\/wp\/v2\/pages"}],"about":[{"href":"https:\/\/airporttaxi.co.at\/index.php?rest_route=\/wp\/v2\/types\/page"}],"author":[{"embeddable":true,"href":"https:\/\/airporttaxi.co.at\/index.php?rest_route=\/wp\/v2\/users\/1"}],"replies":[{"embeddable":true,"href":"https:\/\/airporttaxi.co.at\/index.php?rest_route=%2Fwp%2Fv2%2Fcomments&post=1649"}],"version-history":[{"count":19,"href":"https:\/\/airporttaxi.co.at\/index.php?rest_route=\/wp\/v2\/pages\/1649\/revisions"}],"predecessor-version":[{"id":1675,"href":"https:\/\/airporttaxi.co.at\/index.php?rest_route=\/wp\/v2\/pages\/1649\/revisions\/1675"}],"wp:attachment":[{"href":"https:\/\/airporttaxi.co.at\/index.php?rest_route=%2Fwp%2Fv2%2Fmedia&parent=1649"}],"curies":[{"name":"wp","href":"https:\/\/api.w.org\/{rel}","templated":true}]}}